{"id":17059,"date":"2021-02-09T11:38:13","date_gmt":"2021-02-09T09:38:13","guid":{"rendered":"https:\/\/swatgroup.gr\/?page_id=17059"},"modified":"2021-05-06T11:55:26","modified_gmt":"2021-05-06T08:55:26","slug":"career","status":"publish","type":"page","link":"https:\/\/swatgroup.gr\/fr\/career\/","title":{"rendered":"EMPLOI"},"content":{"rendered":"<div class=\"wpb-content-wrapper\"><p>[vc_row ppadding=\u00a0\u00bbvc_row-padding-both\u00a0\u00bb s=\u00a0\u00bb%5B%7B%7D%5D\u00a0\u00bb kswr_row_top_decor_enabled=\u00a0\u00bbfalse\u00a0\u00bb kswr_row_bottom_decor_enabled=\u00a0\u00bbfalse\u00a0\u00bb][vc_column][vc_row_inner][vc_column_inner width=\u00a0\u00bb1\/6&Prime;][\/vc_column_inner][vc_column_inner width=\u00a0\u00bb2\/3&Prime;]<div class=\"kswr-heading-container kswr-theelement\" style=\"text-align:center;\">\n\t\t\t\t<div class=\"kswr-heading-title kswr-shortcode-element  \" data-fontsettings=\"font-size:16px;letter-spacing:1.6px;\" style=\"font-size:16px;letter-spacing:1.6px;  margin-top:0px;margin-bottom:0px;color:#cccccc;background-clip: inherit;background-color: inherit; -webkit-text-fill-color:#cccccc;\">UNE APPROCHE UNIQUE DE LA S\u00c9CURIT\u00c9<\/div>\n\t\t\t\t<div class=\"kswr-heading-content kswr-shortcode-element  \" data-fontsettings=\"font-size:14px;\" style=\"font-size:14px;  margin-top:0px;margin-bottom:0px;color:#333333;\">Le niveau \u00e9lev\u00e9 de formation fourni par le SWAT SDISS sp\u00e9cialise le stagiaire dans chaque domaine de la survie &#8211; combat- garde \u00e0 vue, fournissantles certifications reconnues \u00e0 la fois la Gr\u00e8ce et au niveau international. Les dipl\u00f4m\u00e9s des \u00e9coles de notre groupe b\u00e9n\u00e9ficient d&rsquo;une r\u00e9adaptation professionnelle imm\u00e9diate, en raison de leurs aptitudes particuli\u00e8res. La demande de services est accrue et, par cons\u00e9quent, les dipl\u00f4m\u00e9s peuvent \u00eatre absorb\u00e9s par le personnel du Service de la \u0397aute S\u00e9curit\u00e9 du Groupe SWAT ou de poursuivre de leur carri\u00e8re r\u00e9ussie, une fois qu\u2019ils sont pleinement form\u00e9s.<\/div>\n\t\t\t<\/div><div class=\"kswr-heading-container kswr-theelement\" style=\"text-align:center;\">\n\t\t\t\t<div class=\"kswr-heading-title kswr-shortcode-element  tmpl-title-font\" data-fontsettings=\"font-size:40px;\" style=\"font-size:40px;  margin-top:0px;margin-bottom:0px;color:#222222;background-clip: inherit;background-color: inherit; -webkit-text-fill-color:#222222;\">OPPORTUNIT\u00c9S D\u2019EMPLOI<\/div>\n\t\t\t\t<div class=\"kswr-heading-content kswr-shortcode-element  \" data-fontsettings=\"font-size:16px;line-height:1.8;\" style=\"font-size:16px;line-height:1.8;  margin-top:0px;margin-bottom:0px;color:#666666;\">Si vous \u00eates int\u00e9ress\u00e9 \u00e0 travailler au sein du groupe SWAT, c&rsquo;est l\u00e0 que vous trouverez tous les emplois propos\u00e9s.<\/p>\n<p>S&rsquo;il n&rsquo;y a pas d&#8217;emploi ouvert, veuillez envoyer votre CV par voie \u00e9lectronique au courriel: <a href=\"mailto:career@swatgroup.gr\">career@swatgroup.gr<\/a><\/div>\n\t\t\t<\/div><div class=\"kswr-responsive-spacer\" data-desk=\"50px\" data-tablet=\"50px\" data-tablet-sm=\"50px\" data-phone=\"50px\" data-phone-sm=\"50px\" style=\"--spc-desk:50px;--spc-tablet:50px;--spc-tablet-sm:50px;--spc-phone:50px;--spc-phone-sm:50px;\"><\/div>[\/vc_column_inner][vc_column_inner width=\u00a0\u00bb1\/6&Prime;][\/vc_column_inner][\/vc_row_inner][\/vc_column][\/vc_row][vc_row full_width=\u00a0\u00bbstretch_row\u00a0\u00bb gradient_colors=\u00a0\u00bb%5B%7B%7D%5D\u00a0\u00bb kswr_row_top_decor_enabled=\u00a0\u00bbfalse\u00a0\u00bb kswr_row_bottom_decor_enabled=\u00a0\u00bbfalse\u00a0\u00bb][vc_column][\/vc_column][\/vc_row][vc_row ppadding=\u00a0\u00bbvc_row-padding-both\u00a0\u00bb gradient_colors=\u00a0\u00bb%5B%7B%7D%5D\u00a0\u00bb kswr_row_top_decor_enabled=\u00a0\u00bbfalse\u00a0\u00bb kswr_row_bottom_decor_enabled=\u00a0\u00bbfalse\u00a0\u00bb css=\u00a0\u00bb.vc_custom_1519741083144{padding-top: 100px !important;padding-bottom: 150px !important;}\u00a0\u00bb][vc_column]<div class=\"kswr-heading-container kswr-theelement\" style=\"text-align:left;\">\n\t\t\t\t<div class=\"kswr-heading-title kswr-shortcode-element  tmpl-title-font\" data-fontsettings=\"font-size:40px;\" style=\"font-size:40px; font-weight:400; margin-top:0px;margin-bottom:0px;color:#222222;background-clip: inherit;background-color: inherit; -webkit-text-fill-color:#222222;\">Offres d\u2019emploi<\/div>\n\t\t\t\t<div class=\"kswr-heading-content kswr-shortcode-element  \" data-fontsettings=\"font-size:16px;line-height:1.8;\" style=\"font-size:16px;line-height:1.8;  margin-top:0px;margin-bottom:0px;color:#333333;\"><\/div>\n\t\t\t<\/div><div class=\"kswr-responsive-spacer\" data-desk=\"50px\" data-tablet=\"50px\" data-tablet-sm=\"50px\" data-phone=\"50px\" data-phone-sm=\"50px\" style=\"--spc-desk:50px;--spc-tablet:50px;--spc-tablet-sm:50px;--spc-phone:50px;--spc-phone-sm:50px;\"><\/div>[vc_toggle title=\u00a0\u00bbEmploy\u00e9 de bureau, fonctions g\u00e9n\u00e9rales\u00a0\u00bb style=\u00a0\u00bbarrow\u00a0\u00bb open=\u00a0\u00bbtrue\u00a0\u00bb]Le groupe SWAT demande \u00e0 embaucher un employ\u00e9 aux fonctions g\u00e9n\u00e9rales \u00e0 son si\u00e8ge social du centre \u2013ville d\u2019Ath\u00e8nes.<\/p>\n<p><strong>Responsabilit\u00e9s et profil du candidat employ\u00e9\u00a0:<\/strong><\/p>\n<ul>\n<li>Comp\u00e9tences techniques et de construction de base pour l&rsquo;entretien et la r\u00e9paration en utilisant les \u00e9quipements requis<\/li>\n<li>Connaissances de base sur l&rsquo;entretien des b\u00e2timents (\u00e9lectriques et hydrauliques)<\/li>\n<li>Entretien et diligence des espaces publics<\/li>\n<li>Respect de propret\u00e9 et bien-\u00eatre<\/li>\n<li>Maintenir des espaces ordonn\u00e9s et propres dans la salle de machines et un entrep\u00f4t<\/li>\n<li>Contr\u00f4le ad\u00e9quat des entrep\u00f4ts (organisation d&rsquo;outils \/ pi\u00e8ces de rechange)<\/li>\n<li>Bonne connaissance du grec et de l&rsquo;anglais<\/li>\n<li>Flexibilit\u00e9 et adaptabilit\u00e9 aux situations et aux calendriers\/horaire exigeants<\/li>\n<li>Apparencesoign\u00e9e, nettoyage, collaboration<\/li>\n<li>Comp\u00e9tenceinformatique<\/li>\n<li>D\u00e9sird\u2019apprendre<\/li>\n<li>Respect des r\u00e8glesd\u2019hygi\u00e8ne<\/li>\n<li>Personnalit\u00e9agr\u00e9ableetamicale<\/li>\n<\/ul>\n<p><strong>L\u2019entreprise offre<\/strong><strong>:<\/strong><\/p>\n<ul>\n<li>Formation continue dans le domaine du travail<\/li>\n<li>R\u00e9mun\u00e9rationetassurancesatisfaisantes<\/li>\n<li>Possibilit\u00e9s\u00a0de\u00a0d\u00e9veloppementpersonnel<\/li>\n<li>Excellentenvironnement de travail<\/li>\n<\/ul>\n<p>Les int\u00e9ress\u00e9es devraient envoyer leur CV au courrier \u00e9lectronique\u00a0: <a href=\"mailto:career@swatgroup.gr\">career@swatgroup.gr<\/a>[\/vc_toggle][vc_toggle title=\u00a0\u00bbPersonnel de s\u00e9curit\u00e9\u00a0\u00bb style=\u00a0\u00bbarrow\u00a0\u00bb]Le groupe SWAT, qui est actif dans le domaine de la s\u00e9curit\u00e9, demande \u00e0 embaucher des employ\u00e9s (hommes ou femmes) pour un travail permanent.<\/p>\n<p><strong>Responsabilit\u00e9s et profil du candidat employ\u00e9:<\/strong><\/p>\n<ul>\n<li>Autorisation de s\u00e9curit\u00e9 n\u00e9cessaire en vigueur, permis de travail (IEPYA L.2518\/97)<\/li>\n<li>Avoirjusqu\u2019\u00e0 45 ans<\/li>\n<li>Baccalaur\u00e9at<\/li>\n<li>Souhaitable d\u2019\u00eatre propri\u00e9taire d\u2019un v\u00e9hicule ou d\u2019une moto<\/li>\n<li>Il est n\u00e9cessaire d\u2019avoir un permis de conduire de v\u00e9hicule ou de moto<\/li>\n<li>Les hommes ont rempli leurs obligations militaires<\/li>\n<li>Connaissance av\u00e9r\u00e9e de l\u2019anglais oralement et par \u00e9crit (des langues \u00e9trang\u00e8res suppl\u00e9mentaires seront appr\u00e9ci\u00e9es)<\/li>\n<li>Comp\u00e9tence informatique<\/li>\n<li>Connaissance de l\u2019autod\u00e9fense souhaitable<\/li>\n<li>Exp\u00e9rience de travailsimilaire<\/li>\n<li>R\u00e9f\u00e9rences disponiblessurdemande<\/li>\n<li>Responsabilit\u00e9, coh\u00e9rence et z\u00e8le au travail<\/li>\n<li>Personnalit\u00e9 agr\u00e9able avec comp\u00e9tences en communication et esprit d\u2019\u00e9quipe<\/li>\n<\/ul>\n<p>&nbsp;<\/p>\n<p>Le plein emploi, la couverture des assurances, la formation continue et les perspectives de d\u00e9veloppement sont assur\u00e9s dans un environnement de travail dynamique et \u00a0\u00e9volutif.<\/p>\n<p>Les int\u00e9ress\u00e9es devraient envoyer leur CV au courrier \u00e9lectronique\u00a0: <a href=\"mailto:career@swatgroup.gr\">career@swatgroup.gr<\/a><\/p>\n<p>T\u00e9l\u00e9phone de contact pour des clarifications: 2106000010 (10\u00a0:00 \u2013 16\u00a0:00)<\/p>\n<p>&nbsp;<\/p>\n<p>Apr\u00e8s la collecte et l\u2019\u00e9valuation des CV, il y aura communication avec les candidats qui satisfont aux exigences de la position de planifier un entretien d&#8217;embauche dans les bureaux du Groupe. La confidentialit\u00e9 compl\u00e8te sera respect\u00e9e lors de l \u00ab\u00a0\u00e9valuation des donn\u00e9es biographiques.[\/vc_toggle][vc_toggle title=\u00a0\u00bbRESPONSABLE DES M\u00c9DIAS SOCIAUX POUR LE SI\u00c8GE SOCIAL\u00a0\u00bb style=\u00a0\u00bbarrow\u00a0\u00bb]Le groupe SWAT demande \u00e0 embaucher aussit\u00f4t\u00a0\u00e0 son si\u00e8ge social du centre \u2013ville d\u2019Ath\u00e8nes:<\/p>\n<ul>\n<li>Description du poste : <strong>Responsable des m\u00e9dias sociaux pour le si\u00e8ge social<\/strong><\/li>\n<\/ul>\n<p><strong>Responsabilit\u00e9sduposte<\/strong><strong>:<\/strong><\/p>\n<ul>\n<li>Capacit\u00e9 de suivre de nouvelles tendances dans le domaine du commerce \u00e9lectronique et des m\u00e9dias sociaux<\/li>\n<li>Conception du contenu et de la gestion strat\u00e9giques pour toutes les acquisitions num\u00e9riques du Groupe (Web, facebook, Instagram, YouTube, Google My business, Blogs)<\/li>\n<li>Surveillance et optimisation SEO et Google Analyticspour tous les sites du groupe (content sites &amp;eshops)<\/li>\n<li>Collaboration avec des cadres d\u2019un d\u00e9partement similaire (Cr\u00e9atif, Vid\u00e9o \/ Production, Performance, D\u00e9veloppement Web)pour l\u2019organisation et l\u2019\u00e9dition du contenu (so.moi postes, pages d&rsquo;atterrissage, lettres d&rsquo;information, infographies, campagnes de courrier \u00e9lectronique)<\/li>\n<li>D\u00e9veloppement et gestion des synergies avec des cr\u00e9ateurs\u00a0de\u00a0contenu<\/li>\n<li>Gestion \u00a0du site Web, comptes des m\u00e9dias sociaux et des lettres d&rsquo;information mensuelles<\/li>\n<li>Formulation et suivi du budget de communication<\/li>\n<li>Compr\u00e9hension de la strat\u00e9gie des m\u00e9dias sociaux et capacit\u00e9 \u00e0 mettre en \u0153uvre des propositions d\u2019objectifs sp\u00e9cifiques<\/li>\n<li>Services \u00e0 la client\u00e8le via des r\u00e9seaux sociaux<\/li>\n<li>\u00c9tablissement de rapports et analyse des m\u00e9dias sociaux<\/li>\n<li>Surveillance\u00a0des\u00a0ventes via EShop et analyse d\u2019efficacit\u00e9 de campagne de marketing<\/li>\n<\/ul>\n<p>&nbsp;<\/p>\n<p><strong>Le profil et les qualifications n\u00e9cessaires du candidat:<\/strong><\/p>\n<ul>\n<li>Exp\u00e9rience av\u00e9r\u00e9e d\u2019au moins 4 ans<\/li>\n<li>Excellente connaissance du grec et de l\u2019anglais (\u00e9crit et oral)<\/li>\n<li>Excellente connaissance \u039cS Office<\/li>\n<li>Capacit\u00e9 d&rsquo;entr\u00e9e en fonctions et de maintenir des calendriers, simultan\u00e9s<\/li>\n<li>Personnalit\u00e9 dynamique avec la capacit\u00e9 de travailler en \u00e9quipe<\/li>\n<li>D\u00e9velopper des comp\u00e9tences interpersonnelles et des comp\u00e9tences de pr\u00e9sentation<\/li>\n<li>Les hommes ont rempli leurs obligations militaires<\/li>\n<li>Cr\u00e9ativit\u00e9, r\u00e9flexion strat\u00e9gique, esprit d\u2019innovation, capacit\u00e9 \u00e0 d\u00e9velopper des id\u00e9es et \u00e0 fonctionner dans un environnement dynamique et exigeant<\/li>\n<\/ul>\n<p><strong>Qualit\u00e9srequises<\/strong><strong>:\u00a0<\/strong><\/p>\n<ul>\n<li>La participation \u00e0 des productions vid\u00e9o est souhaitable<\/li>\n<li>Connaissance de base souhait\u00e9e des applications Adobe<\/li>\n<li>Il est souhaitable de s\u2019occuper de la gestion du site Web et du d\u00e9veloppement de nouvelles applications (wordpressetc)<\/li>\n<\/ul>\n<p><strong>Le Groupe offre\u00a0:<\/strong><\/p>\n<ul>\n<li>Environnement de travail agr\u00e9able et structur\u00e9 qui encourage l\u2019initiative<\/li>\n<li>Travaillerdans des installationsmodernes<\/li>\n<li>D\u00e9veloppementdynamique<\/li>\n<li>R\u00e9mun\u00e9ration comp\u00e9titive<\/li>\n<li>Possibilit\u00e9 d\u2019am\u00e9lioration personnelle et de perspective de d\u00e9veloppement<\/li>\n<\/ul>\n<p>Les int\u00e9ress\u00e9es devraient envoyer leur CV au courrier \u00e9lectronique : <a href=\"mailto:career@swatgroup.gr\">career@swatgroup.gr<\/a>[\/vc_toggle][vc_toggle title=\u00a0\u00bbASSISTANT COMPTABLE\u00a0\u00bb style=\u00a0\u00bbarrow\u00a0\u00bb]Le groupe SWAT demande \u00e0 embaucher un assistant comptable \u00e0 son si\u00e8ge social du centre \u2013ville d\u2019Ath\u00e8nes:<\/p>\n<p><strong>Description du poste :<\/strong>Assistant Comptable<\/p>\n<p>Lieu d\u2019emploi : Ath\u00e8nes<\/p>\n<p><strong>Le candidat s\u2019occupera d\u2019un large \u00e9ventail de t\u00e2ches, \u00e0 titre indicatif:<\/strong><\/p>\n<p><strong>\u00a0<\/strong><\/p>\n<p><strong>Responsabilit\u00e9s<\/strong><strong>:<\/strong><\/p>\n<ul>\n<li>Entr\u00e9es de documentscomptables<\/li>\n<li>Prise en charge d\u2019autres t\u00e2ches comptables<\/li>\n<li>V\u00e9rification et enregistrement de documents, commandes, re\u00e7us, paiements et factures<\/li>\n<li>Accord avec les clients et les fournisseurs sur les factures impay\u00e9es<\/li>\n<li>Mettre \u00e0 jour et contr\u00f4le des fichiers clients, fournisseurs<\/li>\n<li>Calcul de la TVA en collaboration avec le responsable du bureau comptable<\/li>\n<li>Communication aveclesservicespublics<\/li>\n<li>Mise en place des travaux de cl\u00f4ture mensuels et des r\u00e9sultats financiers en collaboration avec le superviseur<\/li>\n<li>Maintien de la tr\u00e9sorerie (encaissement des factures et paiement des dettes)<\/li>\n<\/ul>\n<p><strong>\u00a0<\/strong><\/p>\n<p><strong>Profil ducandidat<\/strong><strong>:<\/strong><\/p>\n<ul>\n<li>Exp\u00e9rience de 3-4 ans dans ce poste<\/li>\n<li>Connaissance d&rsquo;un programme de r\u00e9mun\u00e9ration (\u00e0 \u00e9valuer en particulier)<\/li>\n<li>Connaissance des programmes d&rsquo;inspection du travail<\/li>\n<li>Exp\u00e9rience en contr\u00f4le du cr\u00e9dit (\u00e0 \u00e9valuer en particulier)<\/li>\n<li>Connaissances dans la gestion des programmes logiciels comptable (\u00e0 \u00e9valuer en particulier)<\/li>\n<li>Exp\u00e9rienceduprocessus de tarification<\/li>\n<li>Dipl\u00f4m\u00e9d&rsquo;une\u00c9cole de comptabilit\u00e9<\/li>\n<li>Comp\u00e9tence informatique \u039cicrosoft Excel, Word<\/li>\n<li>Comp\u00e9tences en communication, travail d&rsquo;\u00e9quipe et comportement organisationnel<\/li>\n<li>L&rsquo;app\u00e9titpourl&rsquo;apprentissage<\/li>\n<li>Connaissance et capacit\u00e9 de faire rapport<\/li>\n<li>Connaissance et utilisation optimale de la langue anglaise<\/li>\n<li>Permis de conduire (possession d&rsquo;une machine ou d&rsquo;une voiture)<\/li>\n<li>Connaissance souhait\u00e9e des programmes comptablesde Prosvase (Calculus, paye, PBS) et Epsilon Net<\/li>\n<li>L&rsquo;ardeur au travail, diligence, coh\u00e9rence, fiabilit\u00e9, confidentialit\u00e9, responsabilit\u00e9<\/li>\n<\/ul>\n<p>&nbsp;<\/p>\n<p><strong>Le Groupe offre\u00a0:<\/strong><\/p>\n<ul>\n<li>Environnement de travailagr\u00e9able<\/li>\n<li>Perspectives de carri\u00e8re<\/li>\n<li>Formation<\/li>\n<li>R\u00e9mun\u00e9ration comp\u00e9titive<\/li>\n<\/ul>\n<p>Les int\u00e9ress\u00e9es devraient envoyer leur CV au courrier \u00e9lectronique : <a href=\"mailto:career@swatgroup.gr\">career@swatgroup.gr<\/a>[\/vc_toggle][\/vc_column][\/vc_row][vc_row full_width=\u00a0\u00bbstretch_row_content\u00a0\u00bb video_bg=\u00a0\u00bbyes\u00a0\u00bb video_bg_url=\u00a0\u00bbhttps:\/\/www.youtube.com\/watch?v=K3KcW9ZRq5k&amp;feature=youtu.be\u00a0\u00bb ppadding=\u00a0\u00bbvc_row-padding-both\u00a0\u00bb gradient_colors=\u00a0\u00bb%5B%7B%7D%5D\u00a0\u00bb poverlay=\u00a0\u00bbno-overlay\u00a0\u00bb kswr_row_top_decor_enabled=\u00a0\u00bbfalse\u00a0\u00bb kswr_row_bottom_decor_enabled=\u00a0\u00bbfalse\u00a0\u00bb css=\u00a0\u00bb.vc_custom_1616159875465{background-color: rgba(0,0,0,0.48) !important;*background-color: rgb(0,0,0) !important;}\u00a0\u00bb][vc_column][vc_row_inner][vc_column_inner width=\u00a0\u00bb1\/4&Prime;][\/vc_column_inner][vc_column_inner width=\u00a0\u00bb1\/2&Prime;]<div class=\"kswr-heading-container kswr-theelement\" style=\"text-align:center;\">\n\t\t\t\t<div class=\"kswr-heading-title kswr-shortcode-element  \" data-fontsettings=\"font-size:40px;\" style=\"font-size:40px; font-weight:400; margin-top:0px;margin-bottom:0px;color:#ffffff;background-clip: inherit;background-color: inherit; -webkit-text-fill-color:#ffffff;\">Les domaines que nous servons<\/div>\n\t\t\t\t<div class=\"kswr-heading-content kswr-shortcode-element  \" data-fontsettings=\"font-size:16px;line-height:1.8;\" style=\"font-size:16px;line-height:1.8;  margin-top:0px;margin-bottom:0px;color:#ffffff;\">L\u2019entreprise SWAT-SDISS prend en charge la surveillance et le gardiennage de vos installations pour vous sentir en s\u00e9curit\u00e9 pour vous, vos proches et associ\u00e9s<\/div>\n\t\t\t<\/div><div class=\"kswr-responsive-spacer\" data-desk=\"50px\" data-tablet=\"50px\" data-tablet-sm=\"50px\" data-phone=\"50px\" data-phone-sm=\"50px\" style=\"--spc-desk:50px;--spc-tablet:50px;--spc-tablet-sm:50px;--spc-phone:50px;--spc-phone-sm:50px;\"><\/div>[\/vc_column_inner][vc_column_inner width=\u00a0\u00bb1\/4&Prime;][\/vc_column_inner][\/vc_row_inner][\/vc_column][\/vc_row]<\/p>\n<\/div>","protected":false},"excerpt":{"rendered":"<p>[vc_row ppadding=\u00a0\u00bbvc_row-padding-both\u00a0\u00bb s=\u00a0\u00bb%5B%7B%7D%5D\u00a0\u00bb kswr_row_top_decor_enabled=\u00a0\u00bbfalse\u00a0\u00bb kswr_row_bottom_decor_enabled=\u00a0\u00bbfalse\u00a0\u00bb][vc_column][vc_row_inner][vc_column_inner width=\u00a0\u00bb1\/6&Prime;][\/vc_column_inner][vc_column_inner width=\u00a0\u00bb2\/3&Prime;][\/vc_column_inner][vc_column_inner width=\u00a0\u00bb1\/6&Prime;][\/vc_column_inner][\/vc_row_inner][\/vc_column][\/vc_row][vc_row full_width=\u00a0\u00bbstretch_row\u00a0\u00bb gradient_colors=\u00a0\u00bb%5B%7B%7D%5D\u00a0\u00bb kswr_row_top_decor_enabled=\u00a0\u00bbfalse\u00a0\u00bb kswr_row_bottom_decor_enabled=\u00a0\u00bbfalse\u00a0\u00bb][vc_column][\/vc_column][\/vc_row][vc_row ppadding=\u00a0\u00bbvc_row-padding-both\u00a0\u00bb gradient_colors=\u00a0\u00bb%5B%7B%7D%5D\u00a0\u00bb kswr_row_top_decor_enabled=\u00a0\u00bbfalse\u00a0\u00bb kswr_row_bottom_decor_enabled=\u00a0\u00bbfalse\u00a0\u00bb css=\u00a0\u00bb.vc_custom_1519741083144{padding-top: 100px !important;padding-bottom: 150px !important;}\u00a0\u00bb][vc_column][vc_toggle title=\u00a0\u00bbEmploy\u00e9 de bureau, fonctions g\u00e9n\u00e9rales\u00a0\u00bb style=\u00a0\u00bbarrow\u00a0\u00bb open=\u00a0\u00bbtrue\u00a0\u00bb]Le groupe SWAT demande \u00e0 embaucher un employ\u00e9 aux fonctions g\u00e9n\u00e9rales \u00e0 son si\u00e8ge social du centre \u2013ville d\u2019Ath\u00e8nes. Responsabilit\u00e9s et profil du candidat employ\u00e9\u00a0: Comp\u00e9tences techniques et [&hellip;]<\/p>\n","protected":false},"author":2,"featured_media":0,"parent":0,"menu_order":0,"comment_status":"closed","ping_status":"closed","template":"page-home.php","meta":{"footnotes":""},"class_list":["post-17059","page","type-page","status-publish","hentry"],"_links":{"self":[{"href":"https:\/\/swatgroup.gr\/fr\/wp-json\/wp\/v2\/pages\/17059","targetHints":{"allow":["GET"]}}],"collection":[{"href":"https:\/\/swatgroup.gr\/fr\/wp-json\/wp\/v2\/pages"}],"about":[{"href":"https:\/\/swatgroup.gr\/fr\/wp-json\/wp\/v2\/types\/page"}],"author":[{"embeddable":true,"href":"https:\/\/swatgroup.gr\/fr\/wp-json\/wp\/v2\/users\/2"}],"replies":[{"embeddable":true,"href":"https:\/\/swatgroup.gr\/fr\/wp-json\/wp\/v2\/comments?post=17059"}],"version-history":[{"count":15,"href":"https:\/\/swatgroup.gr\/fr\/wp-json\/wp\/v2\/pages\/17059\/revisions"}],"predecessor-version":[{"id":17676,"href":"https:\/\/swatgroup.gr\/fr\/wp-json\/wp\/v2\/pages\/17059\/revisions\/17676"}],"wp:attachment":[{"href":"https:\/\/swatgroup.gr\/fr\/wp-json\/wp\/v2\/media?parent=17059"}],"curies":[{"name":"wp","href":"https:\/\/api.w.org\/{rel}","templated":true}]}}