{"id":17104,"date":"2021-02-10T16:58:11","date_gmt":"2021-02-10T14:58:11","guid":{"rendered":"https:\/\/swatgroup.gr\/?page_id=17104"},"modified":"2021-05-06T10:37:16","modified_gmt":"2021-05-06T07:37:16","slug":"security-solutions","status":"publish","type":"page","link":"https:\/\/swatgroup.gr\/fr\/security-solutions\/","title":{"rendered":"SOLUTIONS DE S\u00c9CURIT\u00c9"},"content":{"rendered":"<div class=\"wpb-content-wrapper\"><p>[vc_row][vc_column]\n\t\t\t<!-- START solutionsfr REVOLUTION SLIDER 6.2.4 --><p class=\"rs-p-wp-fix\"><\/p>\n\t\t\t<rs-module-wrap id=\"rev_slider_9_3_wrapper\" data-source=\"gallery\" style=\"background:transparent;padding:0;margin:0px auto;margin-top:0;margin-bottom:0;\">\n\t\t\t\t<rs-module id=\"rev_slider_9_3\" style=\"\" data-version=\"6.2.4\">\n\t\t\t\t\t<rs-slides>\n\t\t\t\t\t\t<rs-slide data-key=\"rs-9\" data-title=\"Slide\" data-anim=\"ei:d;eo:d;s:600;r:0;t:fade;sl:d;\">\n\t\t\t\t\t\t\t<img loading=\"lazy\" decoding=\"async\" src=\"\/\/swatgroup.gr\/wp-content\/uploads\/2021\/02\/solutions03.jpg\" title=\"solutions03\" width=\"1920\" height=\"1080\" data-parallax=\"1\" class=\"rev-slidebg\" data-no-retina>\n<!--\n\t\t\t\t\t\t\t--><rs-layer\n\t\t\t\t\t\t\t\tid=\"slider-9-slide-9-layer-1\" \n\t\t\t\t\t\t\t\tdata-type=\"text\"\n\t\t\t\t\t\t\t\tdata-rsp_ch=\"on\"\n\t\t\t\t\t\t\t\tdata-xy=\"x:c;xo:0,0,1px,0;y:m;yo:-69px,-68px,-31px,-37px;\"\n\t\t\t\t\t\t\t\tdata-text=\"s:45,35,29,19;l:60,62,45,29;a:center;\"\n\t\t\t\t\t\t\t\tdata-frame_0=\"x:left;o:1;skX:45px;\"\n\t\t\t\t\t\t\t\tdata-frame_999=\"o:0;st:w;sR:8700;\"\n\t\t\t\t\t\t\t\tstyle=\"z-index:5;font-family:Tahoma, Geneva, sans-serif;text-transform:uppercase;\"\n\t\t\t\t\t\t\t>NOUS GARANTISSONS VOTRE S\u00c9CURIT\u00c9 AVEC <br\/>DES RESSOURCES HUMAINES BIEN ENTRA\u00ceN\u00c9ES \n\t\t\t\t\t\t\t<\/rs-layer><!--\n\n\t\t\t\t\t\t\t--><rs-layer\n\t\t\t\t\t\t\t\tid=\"slider-9-slide-9-layer-3\" \n\t\t\t\t\t\t\t\tdata-type=\"text\"\n\t\t\t\t\t\t\t\tdata-rsp_ch=\"on\"\n\t\t\t\t\t\t\t\tdata-xy=\"x:c;xo:0,0,11px,1px;y:m;yo:-163px,-163px,-104px,-91px;\"\n\t\t\t\t\t\t\t\tdata-text=\"s:18,18,15,12;l:30;ls:4px,4px,1,1;a:center;\"\n\t\t\t\t\t\t\t\tdata-frame_0=\"x:right;o:1;skX:-85px;\"\n\t\t\t\t\t\t\t\tdata-frame_1=\"st:150;sR:150;\"\n\t\t\t\t\t\t\t\tdata-frame_999=\"o:0;st:w;sR:8550;\"\n\t\t\t\t\t\t\t\tstyle=\"z-index:6;font-family:Tahoma, Geneva, sans-serif;text-transform:uppercase;\"\n\t\t\t\t\t\t\t>SOLUTIONS DE S\u00c9CURIT\u00c9 \n\t\t\t\t\t\t\t<\/rs-layer><!--\n-->\t\t\t\t\t\t<\/rs-slide>\n\t\t\t\t\t<\/rs-slides>\n\t\t\t\t\t<rs-progress class=\"rs-bottom\" style=\"visibility: hidden !important;\"><\/rs-progress>\n\t\t\t\t<\/rs-module>\n\t\t\t\t<script type=\"text\/javascript\">\n\t\t\t\t\tsetREVStartSize({c: 'rev_slider_9_3',rl:[1240,1024,778,480],el:[850,750,550,350],gw:[1240,1024,778,480],gh:[850,750,550,350],type:'standard',justify:'',layout:'fullwidth',mh:\"0\"});\n\t\t\t\t\tvar\trevapi9,\n\t\t\t\t\t\ttpj;\n\t\t\t\t\tjQuery(function() {\n\t\t\t\t\t\ttpj = jQuery;\n\t\t\t\t\t\trevapi9 = tpj(\"#rev_slider_9_3\")\n\t\t\t\t\t\tif(revapi9==undefined || revapi9.revolution == undefined){\n\t\t\t\t\t\t\trevslider_showDoubleJqueryError(\"rev_slider_9_3\");\n\t\t\t\t\t\t}else{\n\t\t\t\t\t\t\trevapi9.revolution({\n\t\t\t\t\t\t\t\tsliderLayout:\"fullwidth\",\n\t\t\t\t\t\t\t\tvisibilityLevels:\"1240,1024,778,480\",\n\t\t\t\t\t\t\t\tgridwidth:\"1240,1024,778,480\",\n\t\t\t\t\t\t\t\tgridheight:\"850,750,550,350\",\n\t\t\t\t\t\t\t\tspinner:\"spinner0\",\n\t\t\t\t\t\t\t\tperspective:600,\n\t\t\t\t\t\t\t\tperspectiveType:\"local\",\n\t\t\t\t\t\t\t\teditorheight:\"850,750,550,350\",\n\t\t\t\t\t\t\t\tresponsiveLevels:\"1240,1024,778,480\",\n\t\t\t\t\t\t\t\tdisableProgressBar:\"on\",\n\t\t\t\t\t\t\t\tnavigation: {\n\t\t\t\t\t\t\t\t\tonHoverStop:false\n\t\t\t\t\t\t\t\t},\n\t\t\t\t\t\t\t\tparallax: {\n\t\t\t\t\t\t\t\t\tlevels:[5,10,15,20,25,30,35,40,45,46,47,48,49,50,51,55],\n\t\t\t\t\t\t\t\t\ttype:\"mouse\"\n\t\t\t\t\t\t\t\t},\n\t\t\t\t\t\t\t\tfallbacks: {\n\t\t\t\t\t\t\t\t\tallowHTML5AutoPlayOnAndroid:true\n\t\t\t\t\t\t\t\t},\n\t\t\t\t\t\t\t});\n\t\t\t\t\t\t}\n\t\t\t\t\t\t\n\t\t\t\t\t});\n\t\t\t\t<\/script>\n\t\t\t\t<script>\n\t\t\t\t\tvar htmlDivCss = unescape(\"html%20.hermes.tp-bullets%20%7B%0A%20%20%20%20left%3A%2099%25%20%21important%3B%0A%7D\");\n\t\t\t\t\tvar htmlDiv = document.getElementById('rs-plugin-settings-inline-css');\n\t\t\t\t\tif(htmlDiv) {\n\t\t\t\t\t\thtmlDiv.innerHTML = htmlDiv.innerHTML + htmlDivCss;\n\t\t\t\t\t}else{\n\t\t\t\t\t\tvar htmlDiv = document.createElement('div');\n\t\t\t\t\t\thtmlDiv.innerHTML = '<style>' + htmlDivCss + '<\/style>';\n\t\t\t\t\t\tdocument.getElementsByTagName('head')[0].appendChild(htmlDiv.childNodes[0]);\n\t\t\t\t\t}\n\t\t\t\t<\/script>\n\t\t\t<\/rs-module-wrap>\n\t\t\t<!-- END REVOLUTION SLIDER -->\n[\/vc_column][\/vc_row][vc_row full_width=\u00a0\u00bbstretch_row_content_no_spaces\u00a0\u00bb equal_height=\u00a0\u00bbyes\u00a0\u00bb content_placement=\u00a0\u00bbmiddle\u00a0\u00bb gradient_colors=\u00a0\u00bb%5B%7B%7D%5D\u00a0\u00bb kswr_row_top_decor_enabled=\u00a0\u00bbfalse\u00a0\u00bb kswr_row_bottom_decor_enabled=\u00a0\u00bbfalse\u00a0\u00bb css=\u00a0\u00bb.vc_custom_1613027120796{padding-top: 70px !important;padding-bottom: 70px !important;}\u00a0\u00bb][vc_column width=\u00a0\u00bb1\/6&Prime; gradient_colors=\u00a0\u00bb%5B%7B%7D%5D\u00a0\u00bb css=\u00a0\u00bb.vc_custom_1613026100723{background-position: center !important;background-repeat: no-repeat !important;background-size: cover !important;}\u00a0\u00bb offset=\u00a0\u00bbvc_col-lg-2 vc_col-md-2 vc_col-xs-12&Prime;][\/vc_column][vc_column width=\u00a0\u00bb2\/3&Prime;]<div class=\"kswr-heading-container kswr-theelement\" style=\"text-align:left;\">\n\t\t\t\t<div class=\"kswr-heading-title kswr-shortcode-element  \" data-fontsettings=\"font-size:40px;line-height:1.2;\" style=\"font-size:40px;line-height:1.2; font-weight:300; margin-top:0px;margin-bottom:0px;color:#333;background-clip: inherit;background-color: inherit; -webkit-text-fill-color:#333;\">DES SOLUTIONS<\/div>\n\t\t\t\t<div class=\"kswr-heading-content kswr-shortcode-element  \" data-fontsettings=\"font-size:40px;line-height:1.2;\" style=\"font-size:40px;line-height:1.2; font-weight:500; margin-top:0px;margin-bottom:0px;color:#333333;\">DE S\u00c9CURIT\u00c9 EFFICACES<\/div>\n\t\t\t<\/div><div class=\"kswr-responsive-spacer\" data-desk=\"25px\" data-tablet=\"25px\" data-tablet-sm=\"25px\" data-phone=\"25px\" data-phone-sm=\"25px\" style=\"--spc-desk:25px;--spc-tablet:25px;--spc-tablet-sm:25px;--spc-phone:25px;--spc-phone-sm:25px;\"><\/div>[vc_column_text]Le groupe <strong>SWAT<\/strong> dispose d&rsquo;un personnel hautement qualifi\u00e9 charg\u00e9 d&rsquo;analyser et d\u2019\u00e9tudier les besoins du client, en vue de fournir les services de protection n\u00e9cessaires et appropri\u00e9s.<\/p>\n<p>Nous offrons un large \u00e9ventail de services, de syst\u00e8mes de s\u00e9curit\u00e9 et de solutions de s\u00e9curit\u00e9 int\u00e9gr\u00e9es con\u00e7ues pour r\u00e9pondre aux besoins particuliers de nos clients.<\/p>\n<p>SWAT SDISS accorde la priorit\u00e9 \u00e0 la s\u00e9curit\u00e9 de nos clients, en prot\u00e9geant leur vie, leur r\u00e9putation et leurs biens.<\/p>\n<p>En particulier, une unit\u00e9 sp\u00e9cialis\u00e9e de SWAT SDISS, \u00e0 la suite d&rsquo;un r\u00e9examen des locaux et de la communication avec le client, afin de d\u00e9tailler les circonstances, d\u00e9veloppe un plan de s\u00e9curit\u00e9 sp\u00e9cifique pour cette occasion, qui garantit le succ\u00e8s de la mission<strong>.<\/strong>[\/vc_column_text]<div class=\"kswr-responsive-spacer\" data-desk=\"50px\" data-tablet=\"25px\" data-tablet-sm=\"25px\" data-phone=\"25px\" data-phone-sm=\"25px\" style=\"--spc-desk:50px;--spc-tablet:25px;--spc-tablet-sm:25px;--spc-phone:25px;--spc-phone-sm:25px;\"><\/div>[\/vc_column][vc_column width=\u00a0\u00bb1\/6&Prime; gradient_colors=\u00a0\u00bb%5B%7B%7D%5D\u00a0\u00bb][\/vc_column][\/vc_row][vc_row full_width=\u00a0\u00bbstretch_row\u00a0\u00bb content_placement=\u00a0\u00bbtop\u00a0\u00bb disable_element=\u00a0\u00bbyes\u00a0\u00bb gradient_colors=\u00a0\u00bb%5B%7B%7D%5D\u00a0\u00bb css=\u00a0\u00bb.vc_custom_1613027099446{padding-top: 0px !important;padding-bottom: 0px !important;background-color: #111111 !important;}\u00a0\u00bb kswr_row_top_decor_enabled=\u00a0\u00bbfalse\u00a0\u00bb kswr_row_bottom_decor_enabled=\u00a0\u00bbfalse\u00a0\u00bb][vc_column][safeguard_content_container position=\u00a0\u00bbcenter\u00a0\u00bb cwidth=\u00a0\u00bb30%\u00a0\u00bb]<div data-align=\"center\" class=\"kswr-layeredimages-container  \"><div class=\"kswr-layeredimages-single kswr-animationblock\"  data-reanimation=\"false\" data-animation=\"fadeIn\"  style=\"animation-duration: 1s; -webkit-animation-duration: 1s; animation-delay:0.3s; -webkit-animation-delay:0.3s;\"><div class=\"blockanimecont \" data-parallax-sensitive=\"1\" data-parallax-move=\"disabled\"><img decoding=\"async\" src=\"https:\/\/swatgroup.gr\/wp-content\/uploads\/2018\/07\/map01_02.png\" alt=\"blockanimecont\"><\/div><\/div><div class=\"kswr-layeredimages-single kswr-animationblock\"  data-reanimation=\"false\" data-animation=\"fadeIn\"  style=\"animation-duration: 1s; -webkit-animation-duration: 1s; animation-delay:0.6s; -webkit-animation-delay:0.6s;\"><div class=\"blockanimecont \" data-parallax-sensitive=\"1\" data-parallax-move=\"disabled\"><img decoding=\"async\" src=\"https:\/\/swatgroup.gr\/wp-content\/uploads\/2018\/07\/security-map02.png\" alt=\"blockanimecont\"><\/div><\/div><div class=\"kswr-layeredimages-single kswr-animationblock\"  data-reanimation=\"false\" data-animation=\"fadeIn\"  style=\"animation-duration: 1s; -webkit-animation-duration: 1s; animation-delay:0.9s; -webkit-animation-delay:0.9s;\"><div class=\"blockanimecont \" data-parallax-sensitive=\"1\" data-parallax-move=\"disabled\"><img decoding=\"async\" src=\"https:\/\/swatgroup.gr\/wp-content\/uploads\/2018\/07\/security-map03.png\" alt=\"blockanimecont\"><\/div><\/div><div class=\"kswr-layeredimages-single kswr-animationblock\"  data-reanimation=\"false\" data-animation=\"fadeIn\"  style=\"animation-duration: 1s; -webkit-animation-duration: 1s; animation-delay:1.2s; -webkit-animation-delay:1.2s;\"><div class=\"blockanimecont \" data-parallax-sensitive=\"1\" data-parallax-move=\"disabled\"><img decoding=\"async\" src=\"https:\/\/swatgroup.gr\/wp-content\/uploads\/2018\/07\/security-map04.png\" alt=\"blockanimecont\"><\/div><\/div><div class=\"kswr-layeredimages-single kswr-animationblock\"  data-reanimation=\"false\" data-animation=\"fadeIn\"  style=\"animation-duration: 1s; -webkit-animation-duration: 1s; animation-delay:1.5s; -webkit-animation-delay:1.5s;\"><div class=\"blockanimecont \" data-parallax-sensitive=\"1\" data-parallax-move=\"disabled\"><img decoding=\"async\" src=\"https:\/\/swatgroup.gr\/wp-content\/uploads\/2018\/07\/security-map05.png\" alt=\"blockanimecont\"><\/div><\/div><div class=\"kswr-layeredimages-single kswr-animationblock\"  data-reanimation=\"false\" data-animation=\"fadeIn\"  style=\"animation-duration: 1s; -webkit-animation-duration: 1s; animation-delay:1.8s; -webkit-animation-delay:1.8s;\"><div class=\"blockanimecont \" data-parallax-sensitive=\"1\" data-parallax-move=\"disabled\"><img decoding=\"async\" src=\"https:\/\/swatgroup.gr\/wp-content\/uploads\/2018\/07\/security-map06.png\" alt=\"blockanimecont\"><\/div><\/div><div class=\"kswr-layeredimages-single kswr-animationblock\"  data-reanimation=\"false\" data-animation=\"fadeIn\"  style=\"animation-duration: 1s; -webkit-animation-duration: 1s; animation-delay:2.1s; -webkit-animation-delay:2.1s;\"><div class=\"blockanimecont \" data-parallax-sensitive=\"1\" data-parallax-move=\"disabled\"><img decoding=\"async\" src=\"https:\/\/swatgroup.gr\/wp-content\/uploads\/2018\/07\/security-map07.png\" alt=\"blockanimecont\"><\/div><\/div><\/div>[\/safeguard_content_container][safeguard_content_container position=\u00a0\u00bbcenter\u00a0\u00bb cwidth=\u00a0\u00bb45%\u00a0\u00bb css=\u00a0\u00bb.vc_custom_1531327023055{padding-top: 45px !important;padding-left: 20px !important;}\u00a0\u00bb]<div class=\"kswr-heading-container kswr-theelement\" style=\"text-align:left;\">\n\t\t\t\t<div class=\"kswr-heading-title kswr-shortcode-element  tmpl-title-font\" data-fontsettings=\"font-size:30px;line-height:1.3;--tablet-font-size:20;--phone-font-size:20;\" style=\"font-size:30px;line-height:1.3;--tablet-font-size:20;--phone-font-size:20;  margin-top:0px;margin-bottom:0px;color:#ffffff;background-clip: inherit;background-color: inherit; -webkit-text-fill-color:#ffffff;\">\u03a3\u03c5\u03bd\u03b5\u03c1\u03b3\u03ac\u03c4\u03b5\u03c2 \u03bc\u03b1\u03c2 ,\u0395\u03c4\u03b1\u03b9\u03c1\u03af\u03b5\u03c2 \u0391\u03c3\u03c6\u03b1\u03bb\u03b5\u03af\u03b1\u03c2<\/div>\n\t\t\t\t<div class=\"kswr-heading-content kswr-shortcode-element  tmpl-theme-font\" data-fontsettings=\"font-size:14px;\" style=\"font-size:14px;  margin-top:0px;margin-bottom:0px;color:#999999;\"><\/div>\n\t\t\t<\/div><div class=\"kswr-heading-container kswr-theelement\" style=\"text-align:left;\">\n\t\t\t\t<div class=\"kswr-heading-title kswr-shortcode-element  tmpl-title-font\" data-fontsettings=\"font-size:30px;line-height:1.3;--tablet-font-size:20;--phone-font-size:20;\" style=\"font-size:30px;line-height:1.3;--tablet-font-size:20;--phone-font-size:20;  margin-top:0px;margin-bottom:10px;color:#ffffff;background-clip: inherit;background-color: inherit; -webkit-text-fill-color:#ffffff;\">\u03a5\u03c8\u03b7\u03bb\u03bf\u03cd \u0395\u03c0\u03b9\u03c0\u03ad\u03b4\u03bf\u03c5 \u03c3\u03b5 \u03cc\u03bb\u03bf \u03c4\u03bf\u03bd \u03ba\u03cc\u03c3\u03bc\u03bf<\/div>\n\t\t\t\t<div class=\"kswr-heading-content kswr-shortcode-element  tmpl-theme-font\" data-fontsettings=\"font-size:14px;\" style=\"font-size:14px;  margin-top:0px;margin-bottom:0px;color:#999999;\">\u0394\u03b5\u03b4\u03bf\u03bc\u03ad\u03bd\u03bf\u03c5 \u03c4\u03bf\u03c5 \u03c5\u03c8\u03b7\u03bb\u03bf\u03cd \u03b5\u03c0\u03b9\u03c0\u03ad\u03b4\u03bf\u03c5 \u03c0\u03b1\u03c1\u03bf\u03c7\u03ae\u03c2 \u03c5\u03c0\u03b7\u03c1\u03b5\u03c3\u03b9\u03ce\u03bd \u03b1\u03c3\u03c6\u03b1\u03bb\u03b5\u03af\u03b1\u03c2 \u03bf \u038c\u03bc\u03b9\u03bb\u03cc\u03c2 \u03bc\u03b1\u03c2 \u03b1\u03bd\u03ae\u03ba\u03b5\u03b9 \u03c3\u03b5 \u03bc\u03b9\u03b1 \u03b9\u03c3\u03c7\u03c5\u03c1\u03ae \u03b4\u03b9\u03b5\u03b8\u03bd\u03ae \u03bf\u03bc\u03ac\u03b4\u03b1 \u03b5\u03c4\u03b1\u03b9\u03c1\u03b9\u03ce\u03bd \u03bc\u03b5 \u03b1\u03bd\u03c4\u03b9\u03ba\u03b5\u03af\u03bc\u03b5\u03bd\u03bf \u03c4\u03b7\u03bd \u03b1\u03c3\u03c6\u03ac\u03bb\u03b5\u03b9\u03b1 \u03ba\u03b1\u03b9 \u03c4\u03b7\u03bd \u03c0\u03c1\u03bf\u03c3\u03c4\u03b1\u03c3\u03af\u03b1 \u03c4\u03c9\u03bd \u03c0\u03b5\u03bb\u03b1\u03c4\u03ce\u03bd \u03bc\u03b1\u03c2.<\/div>\n\t\t\t<\/div>[\/safeguard_content_container][safeguard_content_container position=\u00a0\u00bbcenter\u00a0\u00bb cwidth=\u00a0\u00bb20%\u00a0\u00bb css=\u00a0\u00bb.vc_custom_1531327713449{margin-top: 50px !important;margin-bottom: 35px !important;border-top-width: 2px !important;border-right-width: 2px !important;border-bottom-width: 2px !important;border-left-width: 2px !important;padding-top: 25px !important;padding-right: 5% !important;padding-bottom: 25px !important;padding-left: 5% !important;border-left-color: #ffffff !important;border-left-style: solid !important;border-right-color: #ffffff !important;border-right-style: solid !important;border-top-color: #ffffff !important;border-top-style: solid !important;border-bottom-color: #ffffff !important;border-bottom-style: solid !important;}\u00a0\u00bb]<div class=\"kswr-ibi-container kswr-icon-thatc kswr-theelement\"  data-layout=\"icontop\" data-icolayout=\"center\" data-hover=\"none\" ><div class=\"kswr-ibi-icon-ct\" style=\"margin-top:0px;margin-left:0px;margin-right:0px;margin-bottom:0px;\"><div class=\"kswr-icon-container kswr-icon-thatc kswr-icon-thatc-97K4xUZV\" data-rotation=\"false\" data-hover=\"none\" style=\"width:35px; height: 35px; line-height:35px;  border-radius: 0px; --hover-bg:transparent; \">\n\t\t\t\t<div class=\"kswr-icon-ic kswr-icon-ic-r kswr-icon-r\" style=\" font-size:28px;\"><i  style=\"color:rgba(242, 101, 32, 1);background-clip: inherit;background-color: inherit; -webkit-text-fill-color:rgba(242, 101, 32, 1);\" class=\"securicon-shield-18\"><\/i><\/div>\n\t\t\t\t<div class=\"kswr-icon-ic kswr-icon-ic-h kswr-icon-h\" style=\"font-size:28px;\"><i style=\"color:rgba(242, 101, 32, 1);background-clip: inherit;background-color: inherit; -webkit-text-fill-color:rgba(242, 101, 32, 1);\" class=\"securicon-shield-18\"><\/i><\/div>\n\t\t\t\t<div class=\"kswr-icon-bg kswr-icon-bg-r kswr-icon-r\" style=\"background:transparent;border:0px none transparent;border-width:0px;\"><\/div>\n\t\t\t\t<div class=\"kswr-icon-bg kswr-icon-bg-h kswr-icon-h\" style=\"background:transparent;\"><\/div>\n\t\t\t\t\n\t\t\t<\/div><\/div><div class=\"kswr-ibi-title-ct \"><div class=\"kswr-ibi-title kswr-shortcode-element \" data-fontsettings=\"font-size:19px;\" style=\"font-size:19px; font-family:Inherit;font-weight:inherit; color:#333333;margin-top:0px;margin-left:0px;margin-right:0px;margin-bottom:0px;\"><\/div><div class=\"kswr-ibi-subtitle kswr-shortcode-element \" data-fontsettings=\"font-size:12px;\" style=\"font-size:12px; font-family:Inherit;font-weight:inherit; color:#ffffff;margin-top:0px;margin-left:0px;margin-right:0px;margin-bottom:0px;\"><\/div><\/div><div class=\"kswr-ibi-bottom\"><div class=\"kswr-ibi-content kswr-shortcode-element \" data-fontsettings=\"font-size:16px;\" style=\"font-size:16px; font-family:Inherit;font-weight:inherit; color:#ffffff;margin-top:0px;margin-left:0px;margin-right:0px;margin-bottom:0px;\">\u0391\u03c0\u03bf\u03ba\u03c4\u03ae\u03c3\u03c4\u03b5 \u03c4\u03b9\u03c2 \u03a5\u03c0\u03b7\u03c1\u03b5\u03c3\u03af\u03b5\u03c2 \u0391\u03c3\u03c6\u03b1\u03bb\u03b5\u03af\u03b1\u03c2<br \/>\n\u039c\u03c0\u03bf\u03c1\u03b5\u03af\u03c4\u03b5 \u03bd\u03b1 \u03bc\u03b1\u03c2 \u03b5\u03bc\u03c0\u03b9\u03c3\u03c4\u03b5\u03c5\u03c4\u03b5\u03af\u03c4\u03b5 \u03c0\u03bb\u03ae\u03c1\u03c9\u03c2<br \/>\n<\/div><\/div><\/div>[\/safeguard_content_container][\/vc_column][\/vc_row][vc_row][vc_column][vc_single_image image=\u00a0\u00bb17113&Prime; img_size=\u00a0\u00bbfull\u00a0\u00bb alignment=\u00a0\u00bbcenter\u00a0\u00bb style=\u00a0\u00bbvc_box_shadow_3d\u00a0\u00bb][\/vc_column][\/vc_row][vc_row ppadding=\u00a0\u00bbvc_row-padding-both\u00a0\u00bb s=\u00a0\u00bb%5B%7B%7D%5D\u00a0\u00bb kswr_row_top_decor_enabled=\u00a0\u00bbfalse\u00a0\u00bb kswr_row_bottom_decor_enabled=\u00a0\u00bbfalse\u00a0\u00bb][vc_column][vc_row_inner][vc_column_inner width=\u00a0\u00bb1\/6&Prime;][\/vc_column_inner][vc_column_inner width=\u00a0\u00bb2\/3&Prime;]<div class=\"kswr-heading-container kswr-theelement\" style=\"text-align:center;\">\n\t\t\t\t<div class=\"kswr-heading-title kswr-shortcode-element  \" data-fontsettings=\"font-size:16px;letter-spacing:1.6px;\" style=\"font-size:16px;letter-spacing:1.6px;  margin-top:0px;margin-bottom:20px;color:#cccccc;background-clip: inherit;background-color: inherit; -webkit-text-fill-color:#cccccc;\">Approche unique en mati\u00e8re de s\u00e9curit\u00e9<\/div>\n\t\t\t\t<div class=\"kswr-heading-content kswr-shortcode-element  \" data-fontsettings=\"font-size:14px;\" style=\"font-size:14px;  margin-top:0px;margin-bottom:0px;color:#333333;\"><\/div>\n\t\t\t<\/div><div class=\"kswr-heading-container kswr-theelement\" style=\"text-align:center;\">\n\t\t\t\t<div class=\"kswr-heading-title kswr-shortcode-element  tmpl-title-font\" data-fontsettings=\"font-size:40px;\" style=\"font-size:40px;  margin-top:0px;margin-bottom:0px;color:#222222;background-clip: inherit;background-color: inherit; -webkit-text-fill-color:#222222;\"><\/div>\n\t\t\t\t<div class=\"kswr-heading-content kswr-shortcode-element  \" data-fontsettings=\"font-size:16px;line-height:1.8;\" style=\"font-size:16px;line-height:1.8;  margin-top:0px;margin-bottom:0px;color:#666666;\"><strong>Services \u00e0 personnel<\/strong><\/p>\n<p>Organis\u00e9e selon des normes et des normes internationales modernes impos\u00e9es par l&rsquo;environnement mondial et le march\u00e9 grec, nous sommes \u00e0 l&rsquo;aff\u00fbt de l&rsquo;excellente formation et de l&rsquo;\u00e9ducation de notre personnel, qui est choisi avec des crit\u00e8res \u00e9thiques et op\u00e9rationnels stricts. Certifi\u00e9s par des syst\u00e8mes de gestion de la qualit\u00e9.<\/p>\n<p>&nbsp;<\/p>\n<p><strong>Escortes des personnes (Protection rapproch\u00e9e des personnes)<\/strong><\/p>\n<p>Avec les professionnels les plus exp\u00e9riment\u00e9s, nous s\u00e9curisons votre s\u00e9curit\u00e9 personnelle et familiale.<\/p>\n<p>&nbsp;<\/p>\n<p><strong>Protection Statique<\/strong><\/p>\n<p>Des gardes en uniforme ainsi que des gardes en civil, le cas \u00e9ch\u00e9ant, s\u00e9curisent votre espace 24 heures sur 24.<br \/>\nLe personnel sp\u00e9cialis\u00e9 en mati\u00e8re de s\u00e9curit\u00e9 du groupe SWAT en uniforme, mais aussi en civil, s&rsquo;occupera de votre infrastructure 24 heures sur 24.<\/p>\n<p>&nbsp;<\/p>\n<p><strong>Contr\u00f4le de s\u00e9curit\u00e9<\/strong><\/p>\n<p>Gr\u00e2ce au centre de contr\u00f4le et d&rsquo;op\u00e9rations moderne de notre \u00e9tablissement, l&rsquo;\u00e9quipe de SWAT SDISS, form\u00e9e et efficace, contr\u00f4le votre espace 24 heures sur 24.<\/div>\n\t\t\t<\/div><div class=\"kswr-responsive-spacer\" data-desk=\"50px\" data-tablet=\"50px\" data-tablet-sm=\"50px\" data-phone=\"50px\" data-phone-sm=\"50px\" style=\"--spc-desk:50px;--spc-tablet:50px;--spc-tablet-sm:50px;--spc-phone:50px;--spc-phone-sm:50px;\"><\/div>[\/vc_column_inner][vc_column_inner width=\u00a0\u00bb1\/6&Prime;][\/vc_column_inner][\/vc_row_inner][\/vc_column][\/vc_row][vc_row full_width=\u00a0\u00bbstretch_row\u00a0\u00bb gradient_colors=\u00a0\u00bb%5B%7B%7D%5D\u00a0\u00bb kswr_row_top_decor_enabled=\u00a0\u00bbfalse\u00a0\u00bb kswr_row_bottom_decor_enabled=\u00a0\u00bbfalse\u00a0\u00bb][vc_column][\/vc_column][\/vc_row]<\/p>\n<\/div>","protected":false},"excerpt":{"rendered":"<p>[vc_row][vc_column][\/vc_column][\/vc_row][vc_row full_width=\u00a0\u00bbstretch_row_content_no_spaces\u00a0\u00bb equal_height=\u00a0\u00bbyes\u00a0\u00bb content_placement=\u00a0\u00bbmiddle\u00a0\u00bb gradient_colors=\u00a0\u00bb%5B%7B%7D%5D\u00a0\u00bb kswr_row_top_decor_enabled=\u00a0\u00bbfalse\u00a0\u00bb kswr_row_bottom_decor_enabled=\u00a0\u00bbfalse\u00a0\u00bb css=\u00a0\u00bb.vc_custom_1613027120796{padding-top: 70px !important;padding-bottom: 70px !important;}\u00a0\u00bb][vc_column width=\u00a0\u00bb1\/6&Prime; gradient_colors=\u00a0\u00bb%5B%7B%7D%5D\u00a0\u00bb css=\u00a0\u00bb.vc_custom_1613026100723{background-position: center !important;background-repeat: no-repeat !important;background-size: cover !important;}\u00a0\u00bb offset=\u00a0\u00bbvc_col-lg-2 vc_col-md-2 vc_col-xs-12&Prime;][\/vc_column][vc_column width=\u00a0\u00bb2\/3&Prime;][vc_column_text]Le groupe SWAT dispose d&rsquo;un personnel hautement qualifi\u00e9 charg\u00e9 d&rsquo;analyser et d\u2019\u00e9tudier les besoins du client, en vue de fournir les services de protection n\u00e9cessaires et appropri\u00e9s. Nous offrons un large [&hellip;]<\/p>\n","protected":false},"author":2,"featured_media":0,"parent":0,"menu_order":0,"comment_status":"closed","ping_status":"closed","template":"page-home.php","meta":{"footnotes":""},"class_list":["post-17104","page","type-page","status-publish","hentry"],"_links":{"self":[{"href":"https:\/\/swatgroup.gr\/fr\/wp-json\/wp\/v2\/pages\/17104","targetHints":{"allow":["GET"]}}],"collection":[{"href":"https:\/\/swatgroup.gr\/fr\/wp-json\/wp\/v2\/pages"}],"about":[{"href":"https:\/\/swatgroup.gr\/fr\/wp-json\/wp\/v2\/types\/page"}],"author":[{"embeddable":true,"href":"https:\/\/swatgroup.gr\/fr\/wp-json\/wp\/v2\/users\/2"}],"replies":[{"embeddable":true,"href":"https:\/\/swatgroup.gr\/fr\/wp-json\/wp\/v2\/comments?post=17104"}],"version-history":[{"count":21,"href":"https:\/\/swatgroup.gr\/fr\/wp-json\/wp\/v2\/pages\/17104\/revisions"}],"predecessor-version":[{"id":17670,"href":"https:\/\/swatgroup.gr\/fr\/wp-json\/wp\/v2\/pages\/17104\/revisions\/17670"}],"wp:attachment":[{"href":"https:\/\/swatgroup.gr\/fr\/wp-json\/wp\/v2\/media?parent=17104"}],"curies":[{"name":"wp","href":"https:\/\/api.w.org\/{rel}","templated":true}]}}