{"id":17121,"date":"2021-02-11T11:16:31","date_gmt":"2021-02-11T09:16:31","guid":{"rendered":"https:\/\/swatgroup.gr\/?page_id=17121"},"modified":"2021-05-06T11:06:04","modified_gmt":"2021-05-06T08:06:04","slug":"training-academy","status":"publish","type":"page","link":"https:\/\/swatgroup.gr\/fr\/training-academy\/","title":{"rendered":"CENTRE DE FORMATION"},"content":{"rendered":"<div class=\"wpb-content-wrapper\"><p>[vc_row ppadding=\u00a0\u00bbvc_row-padding-both\u00a0\u00bb s=\u00a0\u00bb%5B%7B%7D%5D\u00a0\u00bb kswr_row_top_decor_enabled=\u00a0\u00bbfalse\u00a0\u00bb kswr_row_bottom_decor_enabled=\u00a0\u00bbfalse\u00a0\u00bb][vc_column][vc_row_inner][vc_column_inner width=\u00a0\u00bb1\/6&Prime;][\/vc_column_inner][vc_column_inner width=\u00a0\u00bb2\/3&Prime;]<div class=\"kswr-heading-container kswr-theelement\" style=\"text-align:center;\">\n\t\t\t\t<div class=\"kswr-heading-title kswr-shortcode-element  tmpl-title-font\" data-fontsettings=\"font-size:30px;\" style=\"font-size:30px;  margin-top:0px;margin-bottom:0px;color:#222222;background-clip: inherit;background-color: inherit; -webkit-text-fill-color:#222222;\">ENTRA\u00ceNEMENT\/FORMATION<\/div>\n\t\t\t\t<div class=\"kswr-heading-content kswr-shortcode-element  \" data-fontsettings=\"font-size:16px;line-height:1.8;\" style=\"font-size:16px;line-height:1.8;  margin-top:0px;margin-bottom:0px;color:#666666;\"><\/div>\n\t\t\t<\/div>[vc_column_text]SWAT SDISS, pionnier pour les donn\u00e9es grecques, inclut dans ses activit\u00e9s un domaine tr\u00e8s important, cette de la formation. Il est clair que la formation est l&rsquo;aspect le plus important de la s\u00e9curit\u00e9 professionnelle moderne pour pouvoir faire face aux besoins actuels de la profession. En plus de notre haut niveau de personnel dans tous les secteurs, nos \u00e9quipements logistiques excellents et modernes, SWAT SDISS est la seule entreprise de s\u00e9curit\u00e9 et de formation en Gr\u00e8ce, qui poss\u00e8de son propre centre de formation (Campus 1800 acres). Avec la possibilit\u00e9 d&rsquo;accueillir (h\u00e9bergementet nourriture) et de former avec les m\u00e9thodes et moyens les plus avanc\u00e9s (Maison meurtri\u00e8re, tours d&rsquo;escalade, champs de tir), jour et nuit, nous nous pr\u00e9sentons au sommet de la pyramide dans le domaine de la s\u00e9curit\u00e9 et de la formation. Les dipl\u00f4m\u00e9s des diff\u00e9rents modules formatifs de SWAT SDISS obtiendront un dipl\u00f4me de formation professionnelle accr\u00e9dit\u00e9 par le Minist\u00e8re de l\u2019\u00e9ducation, qui rev\u00eat une importance particuli\u00e8re pour leur perfectionnement professionnel et leur carri\u00e8re et d\u00e9veloppement.<\/p>\n<p>Au Centre pour la formation de notre groupe (campus 1800) il existe des sc\u00e9narios r\u00e9alistes dans des conditions r\u00e9elles d&rsquo;adversit\u00e9 et de stress (jour-nuit), o\u00f9 chaque objet requiert. Chaque stagiaire selon son exigence professionnelle rencontrera un nouveau monde de connaissances, de comp\u00e9tences et d&rsquo;exp\u00e9rience sous la direction et la diligence de nos instructeurs bien form\u00e9s et certifi\u00e9s<strong>. <\/strong>L\u2019\u00e9ducation douloureuse, les exigences \u00e9lev\u00e9es et l\u2019\u00e9valuation continue rendent la graduation de chaque apprenant\/form\u00e9 comme <strong>une proc\u00e9dure tr\u00e8s difficile et la graduation n\u2019est pas une donn\u00e9e.<\/strong>[\/vc_column_text]<div class=\"kswr-responsive-spacer\" data-desk=\"50px\" data-tablet=\"50px\" data-tablet-sm=\"50px\" data-phone=\"50px\" data-phone-sm=\"50px\" style=\"--spc-desk:50px;--spc-tablet:50px;--spc-tablet-sm:50px;--spc-phone:50px;--spc-phone-sm:50px;\"><\/div>[\/vc_column_inner][vc_column_inner width=\u00a0\u00bb1\/6&Prime;][\/vc_column_inner][\/vc_row_inner][\/vc_column][\/vc_row][vc_row ppadding=\u00a0\u00bbvc_row-padding-both\u00a0\u00bb s=\u00a0\u00bb%5B%7B%7D%5D\u00a0\u00bb kswr_row_top_decor_enabled=\u00a0\u00bbfalse\u00a0\u00bb kswr_row_bottom_decor_enabled=\u00a0\u00bbfalse\u00a0\u00bb][vc_column][vc_row_inner][vc_column_inner width=\u00a0\u00bb1\/6&Prime;][\/vc_column_inner][vc_column_inner el_class=\u00a0\u00bbbordercolumn\u00a0\u00bb width=\u00a0\u00bb2\/3&Prime;]<div class=\"kswr-heading-container kswr-theelement\" style=\"text-align:center;\">\n\t\t\t\t<div class=\"kswr-heading-title kswr-shortcode-element  tmpl-title-font\" data-fontsettings=\"font-size:40px;\" style=\"font-size:40px;  margin-top:0px;margin-bottom:0px;color:#222222;background-clip: inherit;background-color: inherit; -webkit-text-fill-color:#222222;\">ACAD\u00c9MIE DE S\u00c9CURIT\u00c9<\/div>\n\t\t\t\t<div class=\"kswr-heading-content kswr-shortcode-element  \" data-fontsettings=\"font-size:16px;line-height:1.8;\" style=\"font-size:16px;line-height:1.8;  margin-top:0px;margin-bottom:0px;color:#666666;\"><\/p>\n<h2>pour entrer \u00e0 l\u2019acad\u00e9mie de s\u00e9curit\u00e9 cliquez <a href=\"https:\/\/securityacademy.gr\/\" target=\"_blank\" rel=\"noopener\">ici<\/a><\/h2>\n<p><\/div>\n\t\t\t<\/div><div class=\"kswr-responsive-spacer\" data-desk=\"50px\" data-tablet=\"50px\" data-tablet-sm=\"50px\" data-phone=\"50px\" data-phone-sm=\"50px\" style=\"--spc-desk:50px;--spc-tablet:50px;--spc-tablet-sm:50px;--spc-phone:50px;--spc-phone-sm:50px;\"><\/div>[\/vc_column_inner][vc_column_inner width=\u00a0\u00bb1\/6&Prime;][\/vc_column_inner][\/vc_row_inner][\/vc_column][\/vc_row][vc_row full_width=\u00a0\u00bbstretch_row\u00a0\u00bb gradient_colors=\u00a0\u00bb%5B%7B%7D%5D\u00a0\u00bb kswr_row_top_decor_enabled=\u00a0\u00bbfalse\u00a0\u00bb kswr_row_bottom_decor_enabled=\u00a0\u00bbfalse\u00a0\u00bb][vc_column width=\u00a0\u00bb1\/2&Prime;][vc_single_image image=\u00a0\u00bb17126&Prime; img_size=\u00a0\u00bbfull\u00a0\u00bb alignment=\u00a0\u00bbcenter\u00a0\u00bb style=\u00a0\u00bbvc_box_shadow_3d\u00a0\u00bb][\/vc_column][vc_column width=\u00a0\u00bb1\/2&Prime;][vc_single_image image=\u00a0\u00bb17127&Prime; img_size=\u00a0\u00bbfull\u00a0\u00bb alignment=\u00a0\u00bbcenter\u00a0\u00bb style=\u00a0\u00bbvc_box_shadow_3d\u00a0\u00bb][\/vc_column][\/vc_row][vc_row full_width=\u00a0\u00bbstretch_row_content\u00a0\u00bb video_bg=\u00a0\u00bbyes\u00a0\u00bb video_bg_url=\u00a0\u00bbhttps:\/\/www.youtube.com\/watch?v=GmhrEODDKqg&amp;feature=youtu.be\u00a0\u00bb disable_element=\u00a0\u00bbyes\u00a0\u00bb ppadding=\u00a0\u00bbvc_row-padding-both\u00a0\u00bb gradient_colors=\u00a0\u00bb%5B%7B%7D%5D\u00a0\u00bb poverlay=\u00a0\u00bbno-overlay\u00a0\u00bb kswr_row_top_decor_enabled=\u00a0\u00bbfalse\u00a0\u00bb kswr_row_bottom_decor_enabled=\u00a0\u00bbfalse\u00a0\u00bb css=\u00a0\u00bb.vc_custom_1613035738182{background-color: rgba(0,0,0,0.48) !important;*background-color: rgb(0,0,0) !important;}\u00a0\u00bb][vc_column][vc_row_inner][vc_column_inner width=\u00a0\u00bb1\/4&Prime;][\/vc_column_inner][vc_column_inner width=\u00a0\u00bb1\/2&Prime;]<div class=\"kswr-heading-container kswr-theelement\" style=\"text-align:center;\">\n\t\t\t\t<div class=\"kswr-heading-title kswr-shortcode-element  \" data-fontsettings=\"font-size:40px;\" style=\"font-size:40px; font-weight:400; margin-top:0px;margin-bottom:0px;color:#ffffff;background-clip: inherit;background-color: inherit; -webkit-text-fill-color:#ffffff;\">\u03a4\u03bf\u03bc\u03b5\u03af\u03c2 \u03c0\u03bf\u03c5 \u03b5\u03be\u03c5\u03c0\u03b7\u03c1\u03b5\u03c4\u03bf\u03cd\u03bc\u03b5<\/div>\n\t\t\t\t<div class=\"kswr-heading-content kswr-shortcode-element  \" data-fontsettings=\"font-size:16px;line-height:1.8;\" style=\"font-size:16px;line-height:1.8;  margin-top:0px;margin-bottom:0px;color:#ffffff;\">H \u0395\u03c4\u03b1\u03b9\u03c1\u03af\u03b1 SWAT- Security \u03b1\u03bd\u03b1\u03bb\u03b1\u03bc\u03b2\u03ac\u03bd\u03b5\u03b9 \u03c4\u03b7\u03bd \u03b5\u03c0\u03b9\u03c4\u03ae\u03c1\u03b7\u03c3\u03b7 \u03ba\u03b1\u03b9 \u03c6\u03cd\u03bb\u03b1\u03be\u03b7 \u03c4\u03c9\u03bd \u03b5\u03b3\u03ba\u03b1\u03c4\u03b1\u03c3\u03c4\u03ac\u03c3\u03b5\u03ce\u03bd \u03c3\u03b1\u03c2 \u03b3\u03b9\u03b1 \u03bd\u03b1 \u03b1\u03b9\u03c3\u03b8\u03b1\u03bd\u03b8\u03b5\u03af\u03c4\u03b5 \u03b1\u03c3\u03c6\u03ac\u03bb\u03b5\u03b9\u03b1 \u03b3\u03b9\u03b1 \u03b5\u03c3\u03ac\u03c2, \u03c4\u03bf\u03c5\u03c2 \u03bf\u03b9\u03ba\u03b5\u03af\u03bf\u03c5\u03c2 \u03ba\u03b1\u03b9 \u03c4\u03bf\u03c5\u03c2 \u03c3\u03c5\u03bd\u03b5\u03c1\u03b3\u03ac\u03c4\u03b5\u03c2 \u03c3\u03b1\u03c2<\/div>\n\t\t\t<\/div><div class=\"kswr-responsive-spacer\" data-desk=\"50px\" data-tablet=\"50px\" data-tablet-sm=\"50px\" data-phone=\"50px\" data-phone-sm=\"50px\" style=\"--spc-desk:50px;--spc-tablet:50px;--spc-tablet-sm:50px;--spc-phone:50px;--spc-phone-sm:50px;\"><\/div>[\/vc_column_inner][vc_column_inner width=\u00a0\u00bb1\/4&Prime;][\/vc_column_inner][\/vc_row_inner][\/vc_column][\/vc_row]<\/p>\n<\/div>","protected":false},"excerpt":{"rendered":"<p>[vc_row ppadding=\u00a0\u00bbvc_row-padding-both\u00a0\u00bb s=\u00a0\u00bb%5B%7B%7D%5D\u00a0\u00bb kswr_row_top_decor_enabled=\u00a0\u00bbfalse\u00a0\u00bb kswr_row_bottom_decor_enabled=\u00a0\u00bbfalse\u00a0\u00bb][vc_column][vc_row_inner][vc_column_inner width=\u00a0\u00bb1\/6&Prime;][\/vc_column_inner][vc_column_inner width=\u00a0\u00bb2\/3&Prime;][vc_column_text]SWAT SDISS, pionnier pour les donn\u00e9es grecques, inclut dans ses activit\u00e9s un domaine tr\u00e8s important, cette de la formation. Il est clair que la formation est l&rsquo;aspect le plus important de la s\u00e9curit\u00e9 professionnelle moderne pour pouvoir faire face aux besoins actuels de la profession. En plus de notre [&hellip;]<\/p>\n","protected":false},"author":2,"featured_media":0,"parent":0,"menu_order":0,"comment_status":"closed","ping_status":"closed","template":"page-home.php","meta":{"footnotes":""},"class_list":["post-17121","page","type-page","status-publish","hentry"],"_links":{"self":[{"href":"https:\/\/swatgroup.gr\/fr\/wp-json\/wp\/v2\/pages\/17121","targetHints":{"allow":["GET"]}}],"collection":[{"href":"https:\/\/swatgroup.gr\/fr\/wp-json\/wp\/v2\/pages"}],"about":[{"href":"https:\/\/swatgroup.gr\/fr\/wp-json\/wp\/v2\/types\/page"}],"author":[{"embeddable":true,"href":"https:\/\/swatgroup.gr\/fr\/wp-json\/wp\/v2\/users\/2"}],"replies":[{"embeddable":true,"href":"https:\/\/swatgroup.gr\/fr\/wp-json\/wp\/v2\/comments?post=17121"}],"version-history":[{"count":14,"href":"https:\/\/swatgroup.gr\/fr\/wp-json\/wp\/v2\/pages\/17121\/revisions"}],"predecessor-version":[{"id":17673,"href":"https:\/\/swatgroup.gr\/fr\/wp-json\/wp\/v2\/pages\/17121\/revisions\/17673"}],"wp:attachment":[{"href":"https:\/\/swatgroup.gr\/fr\/wp-json\/wp\/v2\/media?parent=17121"}],"curies":[{"name":"wp","href":"https:\/\/api.w.org\/{rel}","templated":true}]}}